{"id":17,"date":"2020-09-07T10:26:39","date_gmt":"2020-09-07T13:26:39","guid":{"rendered":"http:\/\/motocruz.com.br\/website\/?page_id=17"},"modified":"2021-09-30T08:30:31","modified_gmt":"2021-09-30T11:30:31","slug":"empresa","status":"publish","type":"page","link":"http:\/\/motocruz.com.br\/?page_id=17","title":{"rendered":"Empresa"},"content":{"rendered":"<table border=\"0\" width=\"100%\" cellspacing=\"2\" cellpadding=\"2\">\n<tbody>\n<tr>\n<td bgcolor=\"#CCCCCC\" height=\"30\">A MOTOCRUZ<\/td>\n<\/tr>\n<\/tbody>\n<\/table>\n<p>Uma empresa especializada na \u00e1rea de venda de pe\u00e7as, acess\u00f3rios, equipamentos e servi\u00e7os para motocicletas nacionais e importadas de todas as marcas e modelos.<\/p>\n<p>L\u00edder no mercado de moto-pe\u00e7as desde 1960, a empresa conta com a loja matriz, duas filiais e cinco coligadas; no Recife, Vit\u00f3ria de Santo Ant\u00e3o, Abreu e Lima e Jaboat\u00e3o dos Guararapes buscando oferecer sempre o melhor pre\u00e7o.<\/p>\n<p><strong>Hor\u00e1rio de Funcionamento:<\/strong><br \/>\nSegunda \u00e0 Sexta: 08:00 \u00e0s 18:00h<br \/>\nS\u00e1bados: 08:00 \u00e0s 13:00h<\/p>\n<table border=\"0\" width=\"100%\" cellspacing=\"2\" cellpadding=\"2\">\n<tbody>\n<tr>\n<td bgcolor=\"#CCCCCC\" height=\"30\">ESTRUTURA<\/td>\n<\/tr>\n<\/tbody>\n<\/table>\n\n\t\t<style type=\"text\/css\">\n\t\t\t#gallery-1 {\n\t\t\t\tmargin: auto;\n\t\t\t}\n\t\t\t#gallery-1 .gallery-item {\n\t\t\t\tfloat: left;\n\t\t\t\tmargin-top: 10px;\n\t\t\t\ttext-align: center;\n\t\t\t\twidth: 25%;\n\t\t\t}\n\t\t\t#gallery-1 img {\n\t\t\t\tborder: 2px solid #cfcfcf;\n\t\t\t}\n\t\t\t#gallery-1 .gallery-caption {\n\t\t\t\tmargin-left: 0;\n\t\t\t}\n\t\t\t\/* see gallery_shortcode() in wp-includes\/media.php *\/\n\t\t<\/style>\n\t\t<div id='gallery-1' class='gallery galleryid-17 gallery-columns-4 gallery-size-medium'><dl class='gallery-item'>\n\t\t\t<dt class='gallery-icon landscape'>\n\t\t\t\t<img width=\"300\" height=\"224\" src=\"http:\/\/motocruz.com.br\/website\/wp-content\/uploads\/2020\/09\/foto_lojas_01-300x224.jpg\" class=\"attachment-medium size-medium\" alt=\"\" loading=\"lazy\" srcset=\"http:\/\/motocruz.com.br\/website\/wp-content\/uploads\/2020\/09\/foto_lojas_01-300x224.jpg 300w, http:\/\/motocruz.com.br\/website\/wp-content\/uploads\/2020\/09\/foto_lojas_01.jpg 560w\" sizes=\"(max-width: 300px) 100vw, 300px\" \/>\n\t\t\t<\/dt><\/dl><dl class='gallery-item'>\n\t\t\t<dt class='gallery-icon landscape'>\n\t\t\t\t<img width=\"300\" height=\"223\" src=\"http:\/\/motocruz.com.br\/website\/wp-content\/uploads\/2020\/09\/foto_lojas_02-300x223.jpg\" class=\"attachment-medium size-medium\" alt=\"\" loading=\"lazy\" srcset=\"http:\/\/motocruz.com.br\/website\/wp-content\/uploads\/2020\/09\/foto_lojas_02-300x223.jpg 300w, http:\/\/motocruz.com.br\/website\/wp-content\/uploads\/2020\/09\/foto_lojas_02.jpg 560w\" sizes=\"(max-width: 300px) 100vw, 300px\" \/>\n\t\t\t<\/dt><\/dl><dl class='gallery-item'>\n\t\t\t<dt class='gallery-icon landscape'>\n\t\t\t\t<img width=\"300\" height=\"223\" src=\"http:\/\/motocruz.com.br\/website\/wp-content\/uploads\/2020\/09\/foto_lojas_03-300x223.jpg\" class=\"attachment-medium size-medium\" alt=\"\" loading=\"lazy\" srcset=\"http:\/\/motocruz.com.br\/website\/wp-content\/uploads\/2020\/09\/foto_lojas_03-300x223.jpg 300w, http:\/\/motocruz.com.br\/website\/wp-content\/uploads\/2020\/09\/foto_lojas_03.jpg 560w\" sizes=\"(max-width: 300px) 100vw, 300px\" \/>\n\t\t\t<\/dt><\/dl><dl class='gallery-item'>\n\t\t\t<dt class='gallery-icon landscape'>\n\t\t\t\t<img width=\"300\" height=\"224\" src=\"http:\/\/motocruz.com.br\/website\/wp-content\/uploads\/2020\/09\/foto_lojas_04-300x224.jpg\" class=\"attachment-medium size-medium\" alt=\"\" loading=\"lazy\" srcset=\"http:\/\/motocruz.com.br\/website\/wp-content\/uploads\/2020\/09\/foto_lojas_04-300x224.jpg 300w, http:\/\/motocruz.com.br\/website\/wp-content\/uploads\/2020\/09\/foto_lojas_04.jpg 560w\" sizes=\"(max-width: 300px) 100vw, 300px\" \/>\n\t\t\t<\/dt><\/dl><br style=\"clear: both\" \/>\n\t\t<\/div>\n\n<table border=\"0\" width=\"100%\" cellspacing=\"2\" cellpadding=\"2\">\n<tbody>\n<tr>\n<td bgcolor=\"#CCCCCC\" height=\"30\">LOCALIZA\u00c7\u00c3O &#8211; MATRIZ<\/td>\n<\/tr>\n<\/tbody>\n<\/table>\n<p><iframe loading=\"lazy\" style=\"border: 0;\" tabindex=\"0\" src=\"https:\/\/www.google.com\/maps\/embed?pb=!1m18!1m12!1m3!1d3950.3221628433803!2d-34.88438288522008!3d-8.068585594190575!2m3!1f0!2f0!3f0!3m2!1i1024!2i768!4f13.1!3m3!1m2!1s0x7ab18b651614c03%3A0x824b18f43929697!2sR.%20da%20Conc%C3%B3rdia%2C%20539%20-%20S%C3%A3o%20Jos%C3%A9%2C%20Recife%20-%20PE%2C%2050020-050!5e0!3m2!1spt-BR!2sbr!4v1600721994311!5m2!1spt-BR!2sbr\" width=\"100%\" height=\"450\" frameborder=\"0\" allowfullscreen=\"allowfullscreen\" aria-hidden=\"false\"><\/iframe><\/p>\n","protected":false},"excerpt":{"rendered":"<p>A MOTOCRUZ Uma empresa especializada na \u00e1rea de venda de pe\u00e7as, acess\u00f3rios, equipamentos e servi\u00e7os para motocicletas nacionais e importadas de todas as marcas e modelos. L\u00edder no mercado de moto-pe\u00e7as desde 1960, a empresa conta com a loja matriz, duas filiais e cinco coligadas; no Recife, Vit\u00f3ria de Santo Ant\u00e3o, Abreu e Lima e [&hellip;]<\/p>\n","protected":false},"author":1,"featured_media":0,"parent":0,"menu_order":0,"comment_status":"closed","ping_status":"closed","template":"","meta":[],"_links":{"self":[{"href":"http:\/\/motocruz.com.br\/index.php?rest_route=\/wp\/v2\/pages\/17"}],"collection":[{"href":"http:\/\/motocruz.com.br\/index.php?rest_route=\/wp\/v2\/pages"}],"about":[{"href":"http:\/\/motocruz.com.br\/index.php?rest_route=\/wp\/v2\/types\/page"}],"author":[{"embeddable":true,"href":"http:\/\/motocruz.com.br\/index.php?rest_route=\/wp\/v2\/users\/1"}],"replies":[{"embeddable":true,"href":"http:\/\/motocruz.com.br\/index.php?rest_route=%2Fwp%2Fv2%2Fcomments&post=17"}],"version-history":[{"count":13,"href":"http:\/\/motocruz.com.br\/index.php?rest_route=\/wp\/v2\/pages\/17\/revisions"}],"predecessor-version":[{"id":232,"href":"http:\/\/motocruz.com.br\/index.php?rest_route=\/wp\/v2\/pages\/17\/revisions\/232"}],"wp:attachment":[{"href":"http:\/\/motocruz.com.br\/index.php?rest_route=%2Fwp%2Fv2%2Fmedia&parent=17"}],"curies":[{"name":"wp","href":"https:\/\/api.w.org\/{rel}","templated":true}]}}