{"id":89,"date":"2020-09-07T13:21:09","date_gmt":"2020-09-07T16:21:09","guid":{"rendered":"http:\/\/motocruz.com.br\/website\/?page_id=89"},"modified":"2020-09-07T13:21:09","modified_gmt":"2020-09-07T16:21:09","slug":"lojas-e-oficinas","status":"publish","type":"page","link":"http:\/\/motocruz.com.br\/?page_id=89","title":{"rendered":"LOJAS E OFICINAS"},"content":{"rendered":"<p>Todas as nossas lojas possuem oficinas pr\u00f3prias, onde s\u00e3o efetuados os servi\u00e7os\/trocas r\u00e1pidos. Recife, Vit\u00f3ria de Santo Ant\u00e3o, Abreu e Lima e Jaboat\u00e3o dos Guararapes<\/p>\n","protected":false},"excerpt":{"rendered":"<p>Todas as nossas lojas possuem oficinas pr\u00f3prias, onde s\u00e3o efetuados os servi\u00e7os\/trocas r\u00e1pidos. Recife, Vit\u00f3ria de Santo Ant\u00e3o, Abreu e Lima e Jaboat\u00e3o dos Guararapes<\/p>\n","protected":false},"author":1,"featured_media":90,"parent":0,"menu_order":0,"comment_status":"closed","ping_status":"closed","template":"","meta":[],"_links":{"self":[{"href":"http:\/\/motocruz.com.br\/index.php?rest_route=\/wp\/v2\/pages\/89"}],"collection":[{"href":"http:\/\/motocruz.com.br\/index.php?rest_route=\/wp\/v2\/pages"}],"about":[{"href":"http:\/\/motocruz.com.br\/index.php?rest_route=\/wp\/v2\/types\/page"}],"author":[{"embeddable":true,"href":"http:\/\/motocruz.com.br\/index.php?rest_route=\/wp\/v2\/users\/1"}],"replies":[{"embeddable":true,"href":"http:\/\/motocruz.com.br\/index.php?rest_route=%2Fwp%2Fv2%2Fcomments&post=89"}],"version-history":[{"count":1,"href":"http:\/\/motocruz.com.br\/index.php?rest_route=\/wp\/v2\/pages\/89\/revisions"}],"predecessor-version":[{"id":91,"href":"http:\/\/motocruz.com.br\/index.php?rest_route=\/wp\/v2\/pages\/89\/revisions\/91"}],"wp:featuredmedia":[{"embeddable":true,"href":"http:\/\/motocruz.com.br\/index.php?rest_route=\/wp\/v2\/media\/90"}],"wp:attachment":[{"href":"http:\/\/motocruz.com.br\/index.php?rest_route=%2Fwp%2Fv2%2Fmedia&parent=89"}],"curies":[{"name":"wp","href":"https:\/\/api.w.org\/{rel}","templated":true}]}}